{"id":6528,"date":"2023-11-27T08:35:12","date_gmt":"2023-11-27T07:35:12","guid":{"rendered":"https:\/\/bookingkopaonik.com\/politica-de-confidentialitate\/"},"modified":"2024-02-27T12:29:29","modified_gmt":"2024-02-27T11:29:29","slug":"politica-de-confidentialitate","status":"publish","type":"page","link":"https:\/\/bookingkopaonik.com\/ro\/politica-de-confidentialitate\/","title":{"rendered":"Politica de confiden\u021bialitate"},"content":{"rendered":"\t\t<div data-elementor-type=\"wp-page\" data-elementor-id=\"6528\" class=\"elementor elementor-6528 elementor-3\">\n\t\t\t\t<div class=\"elementor-element elementor-element-55447dc0 e-flex e-con-boxed e-con e-parent\" data-id=\"55447dc0\" data-element_type=\"container\">\n\t\t\t\t\t<div class=\"e-con-inner\">\n\t\t\t\t<div class=\"elementor-element elementor-element-dcacb8a elementor-widget elementor-widget-text-editor\" data-id=\"dcacb8a\" data-element_type=\"widget\" data-widget_type=\"text-editor.default\">\n\t\t\t\t<div class=\"elementor-widget-container\">\n\t\t\t\t\t\t\t\t\t<h3>Cine suntem noi<\/h3>\n<p>Adresa site-ului nostru web este: https:\/\/bookingkopaonik.com<\/p>\n<h3>Ce informa\u021bii personale colect\u0103m \u0219i de ce le colect\u0103m<\/h3>\n<p><strong>Comentarii<\/strong> C\u00e2nd vizitatorii las\u0103 comentarii pe site-ul web, colect\u0103m datele afi\u0219ate \u00een formularul de comentarii, precum \u0219i adresa IP a vizitatorului \u0219i proprietatea agentului utilizator al browserului lor web pentru a ajuta la detectarea con\u021binutului nedorit.<\/p>\n<p><strong>Con\u021binut<\/strong> Dac\u0103 \u00eenc\u0103rca\u021bi imagini pe un site web, ar trebui s\u0103 evita\u021bi s\u0103 \u00eenc\u0103rca\u021bi imagini cu date de loca\u021bie \u00eencorporate (EXIF GPS). Vizitatorii site-ului pot desc\u0103rca \u0219i extrage date despre loca\u021bie din imaginile site-ului.<\/p>\n<h3>Formulare de contact<\/h3>\n<p><strong>Cookie-uri<\/strong> Dac\u0103 l\u0103sa\u021bi un comentariu pe site-ul nostru web, pute\u021bi renun\u021ba ca numele, adresa de e-mail \u0219i site-ul dvs. s\u0103 fie salvate \u00een cookie-uri. Sunt pentru comoditatea dvs., astfel \u00eenc\u00e2t nu trebuie s\u0103 v\u0103 completa\u021bi din nou datele c\u00e2nd l\u0103sa\u021bi un alt comentariu. Aceste cookie-uri dureaz\u0103 un an. Dac\u0103 vizita\u021bi pagina noastr\u0103 de conectare, vom seta un cookie temporar pentru a determina dac\u0103 browserul dvs. web accept\u0103 cookie-uri. Acest cookie nu con\u021bine date personale \u0219i este eliminat dup\u0103 ce \u00eenchide\u021bi browserul web. C\u00e2nd v\u0103 conecta\u021bi, vom seta \u0219i c\u00e2teva module cookie pentru a v\u0103 salva informa\u021biile de conectare \u0219i op\u021biunile de afi\u0219are a ecranului. Cookie-urile de conectare dureaz\u0103 dou\u0103 zile, iar modulele cookie de capacitate de ecran dureaz\u0103 un an. Dac\u0103 selecta\u021bi \u201eRe\u021bine-m\u0103\u201d, cererea ta va dura dou\u0103 s\u0103pt\u0103m\u00e2ni. Dac\u0103 v\u0103 deconecta\u021bi de la contul dvs., cookie-urile de conectare vor fi eliminate. C\u00e2nd edita\u021bi sau publica\u021bi un articol, un cookie suplimentar va fi stocat \u00een browserul dvs. web. Acest cookie nu include date personale \u0219i determin\u0103 doar ID-ul articolului pe care \u00eel edita\u021bi. Expir\u0103 dup\u0103 o zi.<\/p>\n<p><strong>Con\u021binut \u00eencorporat de pe alte site-uri web<\/strong> Articolele de pe acest site web pot con\u021bine con\u021binut \u00eencorporat (de exemplu, videoclipuri, imagini, articole etc.). Con\u021binutul imbricat de pe alte site-uri web se comport\u0103 exact la fel ca \u0219i cum vizitatorul dvs. ar fi vizitat un alt site web. Aceste site-uri web pot colecta informa\u021bii despre dvs., pot utiliza cookie-uri, pot \u00eencorpora urm\u0103rirea suplimentar\u0103 de la ter\u021bi \u0219i v\u0103 pot monitoriza interac\u021biunea cu acel con\u021binut \u00eencorporat, inclusiv urm\u0103rirea interac\u021biunii dvs. cu con\u021binutul \u00eencorporat dac\u0103 ave\u021bi un cont \u0219i sunte\u021bi conectat la acel site web.<\/p>\n<p><strong>C\u00e2t timp p\u0103str\u0103m datele dumneavoastr\u0103<\/strong> Dac\u0103 l\u0103sa\u021bi un comentariu, acel comentariu \u0219i metadatele sale sunt stocate pe termen nelimitat. Astfel, putem recunoa\u0219te \u0219i aproba automat orice comentarii care urmeaz\u0103, \u00een loc s\u0103 le \u021binem \u00eentr-o coad\u0103 de examinare. Pentru utilizatorii care se \u00eenregistreaz\u0103 pe site-ul nostru web (dac\u0103 exist\u0103), stoc\u0103m \u0219i informa\u021biile personale pe care le furnizeaz\u0103 \u00een profilul lor de utilizator. To\u021bi utilizatorii \u00ee\u0219i pot vizualiza, edita sau \u0219terge informa\u021biile personale \u00een orice moment (cu excep\u021bia faptului c\u0103 nu \u00ee\u0219i pot schimba numele de utilizator). De asemenea, administratorii site-urilor web pot vizualiza \u0219i edita aceste informa\u021bii.<\/p>\n<p><strong>Ce drepturi ave\u021bi \u00een leg\u0103tur\u0103 cu datele dumneavoastr\u0103<\/strong> Dac\u0103 ave\u021bi un cont pe acest site sau a\u021bi l\u0103sat comentarii, pute\u021bi solicita s\u0103 primi\u021bi un fi\u0219ier cu datele cu caracter personal exportate pe care le de\u021binem despre dumneavoastr\u0103, inclusiv orice date pe care ni le-a\u021bi furnizat. De asemenea, pute\u021bi solicita s\u0103 \u0219tergem toate datele personale pe care le de\u021binem despre dumneavoastr\u0103. Aceasta nu include datele pe care trebuie s\u0103 le p\u0103str\u0103m din motive administrative, legale sau de securitate.<\/p>\n<p><strong>Unde v\u0103 trimitem informa\u021biile<\/strong> Comentariile vizitatorilor pot fi verificate printr-un serviciu automat de detectare a comentariilor. Dac\u0103 ave\u021bi \u00eentreb\u0103ri sau comentarii cu privire la aceast\u0103 Politic\u0103 de confiden\u021bialitate \u0219i practicile noastre de confiden\u021bialitate, v\u0103 rug\u0103m s\u0103 ne contacta\u021bi <a href=\"https:\/\/bookingkopaonik.com\/kontakt\/\">AICI<\/a><\/p>\t\t\t\t\t\t\t\t<\/div>\n\t\t\t\t<\/div>\n\t\t\t\t\t<\/div>\n\t\t\t\t<\/div>\n\t\t\t\t<\/div>\n\t\t","protected":false},"excerpt":{"rendered":"<p>Cine suntem noi Adresa site-ului nostru web este: https:\/\/bookingkopaonik.com Ce informa\u021bii personale colect\u0103m \u0219i de ce le colect\u0103m Comentarii C\u00e2nd vizitatorii las\u0103 comentarii pe site-ul web, colect\u0103m datele afi\u0219ate \u00een formularul de comentarii, precum \u0219i adresa IP a vizitatorului \u0219i proprietatea agentului utilizator al browserului lor web pentru a ajuta la detectarea con\u021binutului nedorit. Con\u021binut &#8230;<\/p>\n","protected":false},"author":1,"featured_media":0,"parent":0,"menu_order":0,"comment_status":"closed","ping_status":"open","template":"template-fullwidth.php","meta":{"_monsterinsights_skip_tracking":false,"_monsterinsights_sitenote_active":false,"_monsterinsights_sitenote_note":"","_monsterinsights_sitenote_category":0,"cozystay_single_page_hide_site_header":"","cozystay_single_page_site_header_source":"","cozystay_single_page_custom_site_header":"0","cozystay_single_page_custom_sticky_site_header":"0","cozystay_single_page_hide_page_title":"","cozystay_single_page_header_section_size":"","cozystay_single_page_header_background_color":"","cozystay_single_page_header_background_position_x":"center","cozystay_single_page_header_background_position_y":"center","cozystay_single_page_header_background_size":"cover","cozystay_single_page_header_background_repeat":"off","cozystay_single_page_header_background_scroll":"on","cozystay_single_page_header_text_color":"","cozystay_single_page_header_show_breadcrumb":"","cozystay_single_page_site_footer_hide_main":"","cozystay_single_custom_site_footer_main_source":"","cozystay_single_custom_site_footer_main":"0","cozystay_single_page_site_footer_hide_above":"","cozystay_single_custom_site_footer_above_source":"","cozystay_single_custom_site_footer_above":"0","cozystay_single_page_site_footer_hide_instagram":"","cozystay_single_page_site_footer_hide_bottom":"","cozystay_single_custom_mobile_menu_source":"","cozystay_single_custom_mobile_menu":"0","cozystay_single_custom_mobile_menu_animation":"","cozystay_single_custom_mobile_menu_width":"","cozystay_single_custom_mobile_menu_custom_width":375,"footnotes":""},"class_list":["post-6528","page","type-page","status-publish","hentry"],"yoast_head":"<!-- This site is optimized with the Yoast SEO plugin v26.1 - https:\/\/yoast.com\/wordpress\/plugins\/seo\/ -->\n<title>Politica de confiden\u021bialitate - ZAGORKA - Sky village<\/title>\n<meta name=\"robots\" content=\"index, follow, max-snippet:-1, max-image-preview:large, max-video-preview:-1\" \/>\n<link rel=\"canonical\" href=\"https:\/\/bookingkopaonik.com\/ro\/politica-de-confidentialitate\/\" \/>\n<meta property=\"og:locale\" content=\"ro_RO\" \/>\n<meta property=\"og:type\" content=\"article\" \/>\n<meta property=\"og:title\" content=\"Politica de confiden\u021bialitate - ZAGORKA - Sky village\" \/>\n<meta property=\"og:description\" content=\"Cine suntem noi Adresa site-ului nostru web este: https:\/\/bookingkopaonik.com Ce informa\u021bii personale colect\u0103m \u0219i de ce le colect\u0103m Comentarii C\u00e2nd vizitatorii las\u0103 comentarii pe site-ul web, colect\u0103m datele afi\u0219ate \u00een formularul de comentarii, precum \u0219i adresa IP a vizitatorului \u0219i proprietatea agentului utilizator al browserului lor web pentru a ajuta la detectarea con\u021binutului nedorit. Con\u021binut ...\" \/>\n<meta property=\"og:url\" content=\"https:\/\/bookingkopaonik.com\/ro\/politica-de-confidentialitate\/\" \/>\n<meta property=\"og:site_name\" content=\"ZAGORKA - Sky village\" \/>\n<meta property=\"article:modified_time\" content=\"2024-02-27T11:29:29+00:00\" \/>\n<meta name=\"twitter:card\" content=\"summary_large_image\" \/>\n<meta name=\"twitter:label1\" content=\"Timp estimat pentru citire\" \/>\n\t<meta name=\"twitter:data1\" content=\"4 minute\" \/>\n<script type=\"application\/ld+json\" class=\"yoast-schema-graph\">{\"@context\":\"https:\/\/schema.org\",\"@graph\":[{\"@type\":\"WebPage\",\"@id\":\"https:\/\/bookingkopaonik.com\/ro\/politica-de-confidentialitate\/\",\"url\":\"https:\/\/bookingkopaonik.com\/ro\/politica-de-confidentialitate\/\",\"name\":\"Politica de confiden\u021bialitate - ZAGORKA - Sky village\",\"isPartOf\":{\"@id\":\"https:\/\/bookingkopaonik.com\/ro\/#website\"},\"datePublished\":\"2023-11-27T07:35:12+00:00\",\"dateModified\":\"2024-02-27T11:29:29+00:00\",\"breadcrumb\":{\"@id\":\"https:\/\/bookingkopaonik.com\/ro\/politica-de-confidentialitate\/#breadcrumb\"},\"inLanguage\":\"ro-RO\",\"potentialAction\":[{\"@type\":\"ReadAction\",\"target\":[\"https:\/\/bookingkopaonik.com\/ro\/politica-de-confidentialitate\/\"]}]},{\"@type\":\"BreadcrumbList\",\"@id\":\"https:\/\/bookingkopaonik.com\/ro\/politica-de-confidentialitate\/#breadcrumb\",\"itemListElement\":[{\"@type\":\"ListItem\",\"position\":1,\"name\":\"Home\",\"item\":\"https:\/\/bookingkopaonik.com\/ro\/titlu\/\"},{\"@type\":\"ListItem\",\"position\":2,\"name\":\"Politica de confiden\u021bialitate\"}]},{\"@type\":\"WebSite\",\"@id\":\"https:\/\/bookingkopaonik.com\/ro\/#website\",\"url\":\"https:\/\/bookingkopaonik.com\/ro\/\",\"name\":\"ZAGORKA - Sky village\",\"description\":\"Kopaonik\",\"publisher\":{\"@id\":\"https:\/\/bookingkopaonik.com\/ro\/#organization\"},\"potentialAction\":[{\"@type\":\"SearchAction\",\"target\":{\"@type\":\"EntryPoint\",\"urlTemplate\":\"https:\/\/bookingkopaonik.com\/ro\/?s={search_term_string}\"},\"query-input\":{\"@type\":\"PropertyValueSpecification\",\"valueRequired\":true,\"valueName\":\"search_term_string\"}}],\"inLanguage\":\"ro-RO\"},{\"@type\":\"Organization\",\"@id\":\"https:\/\/bookingkopaonik.com\/ro\/#organization\",\"name\":\"ZAGORKA - Sky village\",\"url\":\"https:\/\/bookingkopaonik.com\/ro\/\",\"logo\":{\"@type\":\"ImageObject\",\"inLanguage\":\"ro-RO\",\"@id\":\"https:\/\/bookingkopaonik.com\/ro\/#\/schema\/logo\/image\/\",\"url\":\"https:\/\/bookingkopaonik.com\/wp-content\/uploads\/2023\/04\/Logo-v2.0-500.png\",\"contentUrl\":\"https:\/\/bookingkopaonik.com\/wp-content\/uploads\/2023\/04\/Logo-v2.0-500.png\",\"width\":500,\"height\":180,\"caption\":\"ZAGORKA - Sky village\"},\"image\":{\"@id\":\"https:\/\/bookingkopaonik.com\/ro\/#\/schema\/logo\/image\/\"}}]}<\/script>\n<!-- \/ Yoast SEO plugin. -->","yoast_head_json":{"title":"Politica de confiden\u021bialitate - ZAGORKA - Sky village","robots":{"index":"index","follow":"follow","max-snippet":"max-snippet:-1","max-image-preview":"max-image-preview:large","max-video-preview":"max-video-preview:-1"},"canonical":"https:\/\/bookingkopaonik.com\/ro\/politica-de-confidentialitate\/","og_locale":"ro_RO","og_type":"article","og_title":"Politica de confiden\u021bialitate - ZAGORKA - Sky village","og_description":"Cine suntem noi Adresa site-ului nostru web este: https:\/\/bookingkopaonik.com Ce informa\u021bii personale colect\u0103m \u0219i de ce le colect\u0103m Comentarii C\u00e2nd vizitatorii las\u0103 comentarii pe site-ul web, colect\u0103m datele afi\u0219ate \u00een formularul de comentarii, precum \u0219i adresa IP a vizitatorului \u0219i proprietatea agentului utilizator al browserului lor web pentru a ajuta la detectarea con\u021binutului nedorit. Con\u021binut ...","og_url":"https:\/\/bookingkopaonik.com\/ro\/politica-de-confidentialitate\/","og_site_name":"ZAGORKA - Sky village","article_modified_time":"2024-02-27T11:29:29+00:00","twitter_card":"summary_large_image","twitter_misc":{"Timp estimat pentru citire":"4 minute"},"schema":{"@context":"https:\/\/schema.org","@graph":[{"@type":"WebPage","@id":"https:\/\/bookingkopaonik.com\/ro\/politica-de-confidentialitate\/","url":"https:\/\/bookingkopaonik.com\/ro\/politica-de-confidentialitate\/","name":"Politica de confiden\u021bialitate - ZAGORKA - Sky village","isPartOf":{"@id":"https:\/\/bookingkopaonik.com\/ro\/#website"},"datePublished":"2023-11-27T07:35:12+00:00","dateModified":"2024-02-27T11:29:29+00:00","breadcrumb":{"@id":"https:\/\/bookingkopaonik.com\/ro\/politica-de-confidentialitate\/#breadcrumb"},"inLanguage":"ro-RO","potentialAction":[{"@type":"ReadAction","target":["https:\/\/bookingkopaonik.com\/ro\/politica-de-confidentialitate\/"]}]},{"@type":"BreadcrumbList","@id":"https:\/\/bookingkopaonik.com\/ro\/politica-de-confidentialitate\/#breadcrumb","itemListElement":[{"@type":"ListItem","position":1,"name":"Home","item":"https:\/\/bookingkopaonik.com\/ro\/titlu\/"},{"@type":"ListItem","position":2,"name":"Politica de confiden\u021bialitate"}]},{"@type":"WebSite","@id":"https:\/\/bookingkopaonik.com\/ro\/#website","url":"https:\/\/bookingkopaonik.com\/ro\/","name":"ZAGORKA - Sky village","description":"Kopaonik","publisher":{"@id":"https:\/\/bookingkopaonik.com\/ro\/#organization"},"potentialAction":[{"@type":"SearchAction","target":{"@type":"EntryPoint","urlTemplate":"https:\/\/bookingkopaonik.com\/ro\/?s={search_term_string}"},"query-input":{"@type":"PropertyValueSpecification","valueRequired":true,"valueName":"search_term_string"}}],"inLanguage":"ro-RO"},{"@type":"Organization","@id":"https:\/\/bookingkopaonik.com\/ro\/#organization","name":"ZAGORKA - Sky village","url":"https:\/\/bookingkopaonik.com\/ro\/","logo":{"@type":"ImageObject","inLanguage":"ro-RO","@id":"https:\/\/bookingkopaonik.com\/ro\/#\/schema\/logo\/image\/","url":"https:\/\/bookingkopaonik.com\/wp-content\/uploads\/2023\/04\/Logo-v2.0-500.png","contentUrl":"https:\/\/bookingkopaonik.com\/wp-content\/uploads\/2023\/04\/Logo-v2.0-500.png","width":500,"height":180,"caption":"ZAGORKA - Sky village"},"image":{"@id":"https:\/\/bookingkopaonik.com\/ro\/#\/schema\/logo\/image\/"}}]}},"_links":{"self":[{"href":"https:\/\/bookingkopaonik.com\/ro\/wp-json\/wp\/v2\/pages\/6528","targetHints":{"allow":["GET"]}}],"collection":[{"href":"https:\/\/bookingkopaonik.com\/ro\/wp-json\/wp\/v2\/pages"}],"about":[{"href":"https:\/\/bookingkopaonik.com\/ro\/wp-json\/wp\/v2\/types\/page"}],"author":[{"embeddable":true,"href":"https:\/\/bookingkopaonik.com\/ro\/wp-json\/wp\/v2\/users\/1"}],"replies":[{"embeddable":true,"href":"https:\/\/bookingkopaonik.com\/ro\/wp-json\/wp\/v2\/comments?post=6528"}],"version-history":[{"count":5,"href":"https:\/\/bookingkopaonik.com\/ro\/wp-json\/wp\/v2\/pages\/6528\/revisions"}],"predecessor-version":[{"id":6738,"href":"https:\/\/bookingkopaonik.com\/ro\/wp-json\/wp\/v2\/pages\/6528\/revisions\/6738"}],"wp:attachment":[{"href":"https:\/\/bookingkopaonik.com\/ro\/wp-json\/wp\/v2\/media?parent=6528"}],"curies":[{"name":"wp","href":"https:\/\/api.w.org\/{rel}","templated":true}]}}